{"id":1100,"date":"2025-07-30T20:12:27","date_gmt":"2025-07-31T00:12:27","guid":{"rendered":"https:\/\/easypod.clearoute.dev\/?page_id=1100"},"modified":"2026-01-26T12:49:25","modified_gmt":"2026-01-26T17:49:25","slug":"bienvenue","status":"publish","type":"page","link":"https:\/\/www.mymomentum.ca\/fr\/","title":{"rendered":"Bienvenue"},"content":{"rendered":"\n<div class=\"wp-block-group has-white-color has-text-color has-link-color wp-elements-754ff94d4edf74048c750530608affb4 is-layout-constrained wp-block-group-is-layout-constrained has-background\" style=\"padding-top:var(--wp--preset--spacing--2);padding-bottom:var(--wp--preset--spacing--2);background-image:url(&apos;https:\/\/www.mymomentum.ca\/wp-content\/uploads\/2025\/12\/purple-bg.png&apos;);background-size:cover;\">\n<div class=\"wp-block-columns mt-5 mt-md-0 is-layout-flex wp-container-core-columns-is-layout-28f84493 wp-block-columns-is-layout-flex\">\n<div class=\"wp-block-column is-vertically-aligned-center is-layout-flow wp-block-column-is-layout-flow\" style=\"flex-basis:70%\">\n<h1 class=\"wp-block-heading has-text-align-left fs-md-down-30 has-heading-font-size\"><em>Bienvenue au <br class=\"d-none d-sm-block\">programme Momentum<\/em><\/h1>\n\n\n\n<p class=\"has-body-font-size\"><strong>Nous sommes l\u00e0 pour vous aider avec votre m\u00e9dicament d\u2019EMD&nbsp;Serono<\/strong><\/p>\n<\/div>\n\n\n\n<div class=\"wp-block-column is-vertically-aligned-center is-layout-flow wp-block-column-is-layout-flow\" style=\"flex-basis:450px\">\n<div class=\"wp-block-group has-border-color is-content-justification-center is-layout-constrained wp-container-core-group-is-layout-c9cb5b44 wp-block-group-is-layout-constrained\" style=\"border-color:#ffffff;border-width:1px;border-top-left-radius:15px;border-top-right-radius:15px;border-bottom-left-radius:15px;border-bottom-right-radius:15px;padding-top:var(--wp--preset--spacing--1);padding-right:var(--wp--preset--spacing--1);padding-bottom:var(--wp--preset--spacing--1);padding-left:var(--wp--preset--spacing--1)\">\n<div class=\"wp-block-columns is-not-stacked-on-mobile is-layout-flex wp-container-core-columns-is-layout-28f84493 wp-block-columns-is-layout-flex\">\n<div class=\"wp-block-column is-layout-flow wp-block-column-is-layout-flow\">\n<figure class=\"wp-block-image aligncenter size-full img-fluid landing-icon\"><img decoding=\"async\" src=\"https:\/\/www.mymomentum.ca\/wp-content\/uploads\/2026\/01\/Momentum_PhoneSupport@2x.webp\" alt=\"Ic\u00f4ne t\u00e9l\u00e9phone\" class=\"wp-image-5979\" style=\"object-fit:cover\"\/><\/figure>\n\n\n\n<p class=\"has-text-align-center has-din-copy-font-size\" style=\"line-height:1.3\">Soutien en direct offert par du personnel infirmier<\/p>\n<\/div>\n\n\n\n<div class=\"wp-block-column is-layout-flow wp-block-column-is-layout-flow\">\n<figure class=\"wp-block-image aligncenter size-full img-fluid landing-icon\"><img loading=\"lazy\" decoding=\"async\" width=\"216\" height=\"216\" src=\"https:\/\/www.mymomentum.ca\/wp-content\/uploads\/2026\/01\/landing-icon-1@2x-1.webp\" alt=\"Ic\u00f4ne langues\" class=\"wp-image-5815\" style=\"object-fit:cover\" srcset=\"https:\/\/www.mymomentum.ca\/wp-content\/uploads\/2026\/01\/landing-icon-1@2x-1.webp 216w, https:\/\/www.mymomentum.ca\/wp-content\/uploads\/2026\/01\/landing-icon-1@2x-1-150x150.webp 150w\" sizes=\"auto, (max-width: 216px) 100vw, 216px\" \/><\/figure>\n\n\n\n<p class=\"has-text-align-center has-din-copy-font-size\" style=\"line-height:1.3\">Dans plus de 250&nbsp;langues<\/p>\n<\/div>\n<\/div>\n\n\n\n<p class=\"has-text-align-center\" style=\"font-size:1.25rem\"><strong><strong>1-800-387-8479<\/strong><\/strong><\/p>\n<\/div>\n<\/div>\n<\/div>\n\n\n\n<p class=\"has-text-align-center fs-13 fs-md-14\" style=\"font-size:0.88rem\">Ce site est destin\u00e9 aux Canadiens \u00e0 qui l\u2019on a prescrit l\u2019un des produits d\u2019EMD&nbsp;Serono \u00e9num\u00e9r\u00e9s ci-dessous.<\/p>\n<\/div>\n\n\n\n<div class=\"wp-block-group has-blue-light-background-color has-background is-layout-constrained wp-block-group-is-layout-constrained\" style=\"padding-top:var(--wp--preset--spacing--4);padding-bottom:var(--wp--preset--spacing--4)\">\n<h2 class=\"wp-block-heading has-text-align-center has-primary-color has-text-color has-link-color has-h-2-font-size wp-elements-a0b2004c942bf49c574773273c4e5a1c\"><strong>Entreprendre le traitement est rapide et facile&nbsp;:&nbsp;<\/strong><\/h2>\n\n\n\n<div class=\"wp-block-group is-layout-constrained wp-container-core-group-is-layout-f36bc466 wp-block-group-is-layout-constrained\">\n<div class=\"wp-block-columns is-layout-flex wp-container-core-columns-is-layout-28f84493 wp-block-columns-is-layout-flex\">\n<div class=\"wp-block-column is-layout-flow wp-block-column-is-layout-flow\">\n<div class=\"wp-block-columns is-not-stacked-on-mobile is-layout-flex wp-container-core-columns-is-layout-28f84493 wp-block-columns-is-layout-flex\">\n<div class=\"wp-block-column rounded-circle-group is-layout-flow wp-block-column-is-layout-flow\" style=\"flex-basis:15%\">\n<div class=\"wp-block-group has-border-color has-primary-border-color is-layout-constrained wp-container-core-group-is-layout-ec4ac0a7 wp-block-group-is-layout-constrained\" style=\"border-width:2px;border-top-left-radius:80%;border-top-right-radius:80%;border-bottom-left-radius:80%;border-bottom-right-radius:80%\">\n<p class=\"has-text-align-center d-flex align-items-center has-h-2-font-size\"><strong>1<\/strong><\/p>\n<\/div>\n<\/div>\n\n\n\n<div class=\"wp-block-column is-layout-flow wp-block-column-is-layout-flow\" style=\"flex-basis:66.66%\">\n<p>Entrez le num\u00e9ro d\u2019identification du m\u00e9dicament (DIN) des m\u00e9dicaments qui vous ont \u00e9t\u00e9 prescrits.<\/p>\n\n\n\r\n<div id=\"modal-block_ab634374419f68505a89a9ff99281254\" class=\"modal-block fw-bold mt-3 d-block modal-block-inline\">\r\n  <!-- Modal Trigger -->\r\n  <div class=\"modal-trigger-wrapper wp-block-button\">\r\n          <span class=\"modal-trigger-inline\">\r\n                  <span class=\"modal-trigger-text-before\">Vous ne savez pas<\/span>\r\n                <a href=\"#\"\r\n           class=\"modal-trigger-link\"\r\n           data-modal-target=\"#modal-block_ab634374419f68505a89a9ff99281254\"\r\n           aria-label=\"o\u00f9 se trouve le DIN?\">\r\n          o\u00f9 se trouve le DIN?        <\/a>\r\n              <\/span>\r\n\r\n      <\/div>\r\n\r\n  <!-- Bootstrap Modal -->\r\n    <div class=\"modal fade\"\r\n       id=\"modal-block_ab634374419f68505a89a9ff99281254\"\r\n       tabindex=\"-1\"\r\n       aria-label=\"o\u00f9 se trouve le DIN?\"       aria-hidden=\"true\"\r\n       role=\"dialog\">\r\n    <div class=\"modal-dialog modal-lg modal-dialog-centered\" role=\"document\">\r\n      <div class=\"modal-content\">\r\n\r\n        <!-- Close button inside modal when header is hidden -->\r\n                  <button type=\"button\"\r\n                  class=\"btn-close modal-close-internal\"\r\n                  data-bs-dismiss=\"modal\"\r\n                  aria-label=\"Close\">\r\n          <\/button>\r\n        \r\n        <!-- Modal Header -->\r\n        \r\n        <!-- Modal Body -->\r\n        <div class=\"modal-body\">\r\n          <h3 style=\"text-align: center\"><b>Trouvez votre DIN<\/b><\/h3>\n<p style=\"text-align: center\"><span style=\"font-weight: 400\">Le num\u00e9ro d\u2019identification du m\u00e9dicament (DIN) est un num\u00e9ro \u00e0 huit chiffres. Vous le trouverez dans le coin sup\u00e9rieur droit de l\u2019emballage de votre produit ou sur l\u2019\u00e9tiquette de votre ordonnance. <\/span><\/p>\n<p style=\"text-align: center\"><img loading=\"lazy\" decoding=\"async\" class=\"\" style=\"width: auto;margin: auto\" src=\"https:\/\/www.mymomentum.ca\/wp-content\/uploads\/2025\/12\/DIN_Box.png\" alt=\"\" width=\"357\" height=\"195\" \/><\/p>\n        <\/div>\r\n\r\n        <!-- Modal Footer (optional) -->\r\n        \r\n      <\/div>\r\n    <\/div>\r\n  <\/div>\r\n<\/div><\/div>\n<\/div>\n<\/div>\n\n\n\n<div class=\"wp-block-column is-layout-flow wp-block-column-is-layout-flow\">\n<div class=\"wp-block-columns is-not-stacked-on-mobile is-layout-flex wp-container-core-columns-is-layout-28f84493 wp-block-columns-is-layout-flex\">\n<div class=\"wp-block-column rounded-circle-group is-layout-flow wp-block-column-is-layout-flow\" style=\"flex-basis:15%\">\n<div class=\"wp-block-group has-border-color has-primary-border-color is-content-justification-center is-layout-constrained wp-container-core-group-is-layout-f94c2fad wp-block-group-is-layout-constrained\" style=\"border-width:2px;border-top-left-radius:50%;border-top-right-radius:50%;border-bottom-left-radius:50%;border-bottom-right-radius:50%\">\n<p class=\"has-text-align-center has-h-2-font-size\"><strong>2<\/strong><\/p>\n<\/div>\n<\/div>\n\n\n\n<div class=\"wp-block-column is-layout-flow wp-block-column-is-layout-flow\" style=\"flex-basis:66.66%\">\n<p>Cliquez sur \u00ab&nbsp;Soumettre&nbsp;\u00bb pour acc\u00e9der \u00e0 un site&nbsp;Web personnalis\u00e9, en fonction du ou des m\u00e9dicament(s) que vous avez s\u00e9lectionn\u00e9(s).<\/p>\n<\/div>\n<\/div>\n<\/div>\n<\/div>\n<\/div>\n\n\n\n<div class=\"wp-block-group is-layout-constrained wp-block-group-is-layout-constrained\" style=\"margin-top:var(--wp--preset--spacing--4)\">\n<h2 class=\"wp-block-heading has-text-align-center has-primary-color has-text-color has-link-color has-h-2-font-size wp-elements-0d62588c61f67e6f4716db00fe3d527b\" style=\"margin-top:var(--wp--preset--spacing--2)\"><strong>Apr\u00e8s avoir acc\u00e9d\u00e9 au site, vous trouverez des renseignements utiles sur vos m\u00e9dicaments&nbsp;:<\/strong><\/h2>\n\n\n\n<div class=\"wp-block-columns is-layout-flex wp-container-core-columns-is-layout-28f84493 wp-block-columns-is-layout-flex\">\n<div class=\"wp-block-column is-layout-flow wp-block-column-is-layout-flow\" style=\"flex-basis:100%\">\n<div class=\"wp-block-group is-content-justification-center is-nowrap is-layout-flex wp-container-core-group-is-layout-23441af8 wp-block-group-is-layout-flex\">\n<ul class=\"wp-block-list\">\n<li class=\"has-body-font-size\">Pourquoi utilise-t-on le produit<\/li>\n\n\n\n<li class=\"has-body-font-size\">Comment l\u2019utiliser<\/li>\n<\/ul>\n\n\n\n<ul class=\"wp-block-list\">\n<li class=\"has-body-font-size\">Foire aux questions<\/li>\n\n\n\n<li class=\"has-body-font-size\">O\u00f9 trouver de l\u2019aide<\/li>\n<\/ul>\n<\/div>\n<\/div>\n<\/div>\n<\/div>\n<\/div>\n\n\n\n<div class=\"wp-block-group is-layout-constrained wp-block-group-is-layout-constrained\" style=\"padding-top:var(--wp--preset--spacing--2);padding-bottom:var(--wp--preset--spacing--7)\">\n<div class=\"wp-block-group is-layout-constrained wp-block-group-is-layout-constrained\" style=\"margin-bottom:var(--wp--preset--spacing--4)\">\n<div id=\"4905\"\n     class=\"din-products-block\"\n     data-validation='[{&quot;dins&quot;:[&quot;02470640&quot;,&quot;02470659&quot;,&quot;02470667&quot;],&quot;types&quot;:{&quot;02470640&quot;:&quot;&quot;,&quot;02470659&quot;:&quot;&quot;,&quot;02470667&quot;:&quot;&quot;}},{&quot;dins&quot;:[&quot;02270404&quot;,&quot;02270390&quot;,&quot;02270382&quot;,&quot;02248154&quot;],&quot;types&quot;:{&quot;02270404&quot;:&quot;&quot;,&quot;02270390&quot;:&quot;&quot;,&quot;02270382&quot;:&quot;&quot;,&quot;02248154&quot;:&quot;&quot;}},{&quot;dins&quot;:[&quot;02269066&quot;],&quot;types&quot;:{&quot;02269066&quot;:&quot;&quot;}},{&quot;dins&quot;:[&quot;02247766&quot;],&quot;types&quot;:{&quot;02247766&quot;:&quot;&quot;}},{&quot;dins&quot;:[&quot;02262088&quot;,&quot;02371588&quot;],&quot;types&quot;:{&quot;02262088&quot;:&quot;syringe&quot;,&quot;02371588&quot;:&quot;pen&quot;}},{&quot;dins&quot;:[&quot;02241013&quot;],&quot;types&quot;:{&quot;02241013&quot;:&quot;&quot;}}]'\n     data-redirect-url=\"\/fr\/home\"\n     data-error-message=\"Veuillez saisir des num\u00e9ros DIN valides pour tous les produits avant de soumettre votre demande.\"\n     data-product-map='[4900,4903,4904,4907,4909,4905]'>\n\n  <form class=\"din-products-form\" novalidate>\n    <div class=\"din-products-grid\">\n              <div class=\"din-product-card\"\n          data-product-index=\"0\"\n          data-product-id=\"4900\"\n          data-product-slug=\"pergoveris\">\n          <label for=\"din-input-4905-0\" class=\"din-product-logo\">\n                          <img decoding=\"async\" src=\"https:\/\/www.mymomentum.ca\/wp-content\/uploads\/2025\/12\/pergoveris-logo-fr-1.svg\"\n                   alt=\"Pergoveris\"\n                   loading=\"lazy\">\n                        <span class=\"visually-hidden\">Enter DIN for Pergoveris<\/span>\n          <\/label>\n\n          <div class=\"din-input-wrapper\">\n            <input type=\"number\"\n                   id=\"din-input-4905-0\"\n                   class=\"din-input\"\n                   name=\"din_0\"\n                   placeholder=\"DIN\"\n                   autocomplete=\"off\"\n                   inputmode=\"numeric\"\n                   pattern=\"[0-9]*\"\n                                      aria-describedby=\"din-status-4905-0\"\n                   aria-invalid=\"false\">\n            <span class=\"din-checkmark\" aria-hidden=\"true\">\n              <svg xmlns=\"http:\/\/www.w3.org\/2000\/svg\" viewBox=\"0 0 24 24\" fill=\"currentColor\" width=\"20\" height=\"20\">\n                <path d=\"M9 16.17L4.83 12l-1.42 1.41L9 19 21 7l-1.41-1.41L9 16.17z\"\/>\n              <\/svg>\n            <\/span>\n            <span id=\"din-status-4905-0\" class=\"din-status visually-hidden\" aria-live=\"polite\"><\/span>\n          <\/div>\n        <\/div>\n              <div class=\"din-product-card\"\n          data-product-index=\"1\"\n          data-product-id=\"4903\"\n          data-product-slug=\"gonal-f\">\n          <label for=\"din-input-4905-1\" class=\"din-product-logo\">\n                          <img decoding=\"async\" src=\"https:\/\/www.mymomentum.ca\/wp-content\/uploads\/2025\/12\/Gonal-logo-fr-300x88.png\"\n                   alt=\"GONAL-f\"\n                   loading=\"lazy\">\n                        <span class=\"visually-hidden\">Enter DIN for GONAL-f<\/span>\n          <\/label>\n\n          <div class=\"din-input-wrapper\">\n            <input type=\"number\"\n                   id=\"din-input-4905-1\"\n                   class=\"din-input\"\n                   name=\"din_1\"\n                   placeholder=\"DIN\"\n                   autocomplete=\"off\"\n                   inputmode=\"numeric\"\n                   pattern=\"[0-9]*\"\n                                      aria-describedby=\"din-status-4905-1\"\n                   aria-invalid=\"false\">\n            <span class=\"din-checkmark\" aria-hidden=\"true\">\n              <svg xmlns=\"http:\/\/www.w3.org\/2000\/svg\" viewBox=\"0 0 24 24\" fill=\"currentColor\" width=\"20\" height=\"20\">\n                <path d=\"M9 16.17L4.83 12l-1.42 1.41L9 19 21 7l-1.41-1.41L9 16.17z\"\/>\n              <\/svg>\n            <\/span>\n            <span id=\"din-status-4905-1\" class=\"din-status visually-hidden\" aria-live=\"polite\"><\/span>\n          <\/div>\n        <\/div>\n              <div class=\"din-product-card\"\n          data-product-index=\"2\"\n          data-product-id=\"4904\"\n          data-product-slug=\"luveris\">\n          <label for=\"din-input-4905-2\" class=\"din-product-logo\">\n                          <img decoding=\"async\" src=\"https:\/\/www.mymomentum.ca\/wp-content\/uploads\/2025\/12\/Luveris_Logo_French_CMYK_v1-300x65.png\"\n                   alt=\"Luveris_Logo_French\"\n                   loading=\"lazy\">\n                        <span class=\"visually-hidden\">Enter DIN for Luveris<\/span>\n          <\/label>\n\n          <div class=\"din-input-wrapper\">\n            <input type=\"number\"\n                   id=\"din-input-4905-2\"\n                   class=\"din-input\"\n                   name=\"din_2\"\n                   placeholder=\"DIN\"\n                   autocomplete=\"off\"\n                   inputmode=\"numeric\"\n                   pattern=\"[0-9]*\"\n                                      aria-describedby=\"din-status-4905-2\"\n                   aria-invalid=\"false\">\n            <span class=\"din-checkmark\" aria-hidden=\"true\">\n              <svg xmlns=\"http:\/\/www.w3.org\/2000\/svg\" viewBox=\"0 0 24 24\" fill=\"currentColor\" width=\"20\" height=\"20\">\n                <path d=\"M9 16.17L4.83 12l-1.42 1.41L9 19 21 7l-1.41-1.41L9 16.17z\"\/>\n              <\/svg>\n            <\/span>\n            <span id=\"din-status-4905-2\" class=\"din-status visually-hidden\" aria-live=\"polite\"><\/span>\n          <\/div>\n        <\/div>\n              <div class=\"din-product-card\"\n          data-product-index=\"3\"\n          data-product-id=\"4907\"\n          data-product-slug=\"cetrotide\">\n          <label for=\"din-input-4905-3\" class=\"din-product-logo\">\n                          <img decoding=\"async\" src=\"https:\/\/www.mymomentum.ca\/wp-content\/uploads\/2025\/12\/cetrotide-logo-fr.svg\"\n                   alt=\"Cetrotide\"\n                   loading=\"lazy\">\n                        <span class=\"visually-hidden\">Enter DIN for Cetrotide<\/span>\n          <\/label>\n\n          <div class=\"din-input-wrapper\">\n            <input type=\"number\"\n                   id=\"din-input-4905-3\"\n                   class=\"din-input\"\n                   name=\"din_3\"\n                   placeholder=\"DIN\"\n                   autocomplete=\"off\"\n                   inputmode=\"numeric\"\n                   pattern=\"[0-9]*\"\n                                      aria-describedby=\"din-status-4905-3\"\n                   aria-invalid=\"false\">\n            <span class=\"din-checkmark\" aria-hidden=\"true\">\n              <svg xmlns=\"http:\/\/www.w3.org\/2000\/svg\" viewBox=\"0 0 24 24\" fill=\"currentColor\" width=\"20\" height=\"20\">\n                <path d=\"M9 16.17L4.83 12l-1.42 1.41L9 19 21 7l-1.41-1.41L9 16.17z\"\/>\n              <\/svg>\n            <\/span>\n            <span id=\"din-status-4905-3\" class=\"din-status visually-hidden\" aria-live=\"polite\"><\/span>\n          <\/div>\n        <\/div>\n              <div class=\"din-product-card\"\n          data-product-index=\"4\"\n          data-product-id=\"4909\"\n          data-product-slug=\"ovidrel\">\n          <label for=\"din-input-4905-4\" class=\"din-product-logo\">\n                          <img decoding=\"async\" src=\"https:\/\/www.mymomentum.ca\/wp-content\/uploads\/2025\/12\/ovidrel-logo-fr-1.svg\"\n                   alt=\"OVIDREL\"\n                   loading=\"lazy\">\n                        <span class=\"visually-hidden\">Enter DIN for OVIDREL<\/span>\n          <\/label>\n\n          <div class=\"din-input-wrapper\">\n            <input type=\"number\"\n                   id=\"din-input-4905-4\"\n                   class=\"din-input\"\n                   name=\"din_4\"\n                   placeholder=\"DIN\"\n                   autocomplete=\"off\"\n                   inputmode=\"numeric\"\n                   pattern=\"[0-9]*\"\n                                      aria-describedby=\"din-status-4905-4\"\n                   aria-invalid=\"false\">\n            <span class=\"din-checkmark\" aria-hidden=\"true\">\n              <svg xmlns=\"http:\/\/www.w3.org\/2000\/svg\" viewBox=\"0 0 24 24\" fill=\"currentColor\" width=\"20\" height=\"20\">\n                <path d=\"M9 16.17L4.83 12l-1.42 1.41L9 19 21 7l-1.41-1.41L9 16.17z\"\/>\n              <\/svg>\n            <\/span>\n            <span id=\"din-status-4905-4\" class=\"din-status visually-hidden\" aria-live=\"polite\"><\/span>\n          <\/div>\n        <\/div>\n              <div class=\"din-product-card\"\n          data-product-index=\"5\"\n          data-product-id=\"4905\"\n          data-product-slug=\"crinone\">\n          <label for=\"din-input-4905-5\" class=\"din-product-logo\">\n                          <img decoding=\"async\" src=\"https:\/\/www.mymomentum.ca\/wp-content\/uploads\/2025\/12\/Crinone-logo-fr.svg\"\n                   alt=\"Crinone\"\n                   loading=\"lazy\">\n                        <span class=\"visually-hidden\">Enter DIN for Crinone<\/span>\n          <\/label>\n\n          <div class=\"din-input-wrapper\">\n            <input type=\"number\"\n                   id=\"din-input-4905-5\"\n                   class=\"din-input\"\n                   name=\"din_5\"\n                   placeholder=\"DIN\"\n                   autocomplete=\"off\"\n                   inputmode=\"numeric\"\n                   pattern=\"[0-9]*\"\n                                      aria-describedby=\"din-status-4905-5\"\n                   aria-invalid=\"false\">\n            <span class=\"din-checkmark\" aria-hidden=\"true\">\n              <svg xmlns=\"http:\/\/www.w3.org\/2000\/svg\" viewBox=\"0 0 24 24\" fill=\"currentColor\" width=\"20\" height=\"20\">\n                <path d=\"M9 16.17L4.83 12l-1.42 1.41L9 19 21 7l-1.41-1.41L9 16.17z\"\/>\n              <\/svg>\n            <\/span>\n            <span id=\"din-status-4905-5\" class=\"din-status visually-hidden\" aria-live=\"polite\"><\/span>\n          <\/div>\n        <\/div>\n          <\/div>\n\n    <div class=\"din-form-footer\">\n      <div class=\"din-error-message\" role=\"alert\" aria-live=\"polite\"><\/div>\n      <button type=\"submit\" class=\"btn btn-primary din-submit-btn\">\n        Soumettre      <\/button>\n    <\/div>\n  <\/form>\n<\/div>\n<\/div>\n\n\n\n<div class=\"wp-block-group is-layout-constrained wp-block-group-is-layout-constrained has-background\" style=\"border-top-left-radius:25px;border-top-right-radius:25px;border-bottom-left-radius:25px;border-bottom-right-radius:25px;padding-top:var(--wp--preset--spacing--4);padding-bottom:var(--wp--preset--spacing--4);background-image:url(&apos;https:\/\/www.mymomentum.ca\/wp-content\/uploads\/2025\/12\/home_feature_bg_1.png&apos;);background-position:50% 50%;background-size:cover;\">\n<div class=\"wp-block-columns is-layout-flex wp-container-core-columns-is-layout-28f84493 wp-block-columns-is-layout-flex\">\n<div class=\"wp-block-column is-vertically-aligned-center is-layout-flow wp-block-column-is-layout-flow\" style=\"padding-top:0;padding-right:var(--wp--preset--spacing--4);padding-bottom:0;padding-left:var(--wp--preset--spacing--4);flex-basis:33.33%\">\n<h2 class=\"wp-block-heading has-text-align-center has-primary-color has-text-color has-link-color has-subhead-faq-font-size wp-elements-76a3582b215bc5b26094c3a94eb8c06d\">Vous n\u2019\u00eates pas seul(e)<\/h2>\n\n\n\n<figure class=\"wp-block-image aligncenter size-full is-resized\"><img decoding=\"async\" src=\"https:\/\/www.mymomentum.ca\/wp-content\/uploads\/2025\/12\/momentum-logo.svg\" alt=\"momentum logo\" class=\"wp-image-3527\" style=\"aspect-ratio:7.0089974293059125;width:246px;height:auto\"\/><\/figure>\n<\/div>\n\n\n\n<div class=\"wp-block-column is-vertically-aligned-center is-layout-flow wp-block-column-is-layout-flow\" style=\"flex-basis:66.66%\">\n<p>Si vous avez besoin de soutien lorsque vous prenez l\u2019un des m\u00e9dicaments d\u2019EMD&nbsp;Serono \u00e9num\u00e9r\u00e9s ci-dessus, le programme&nbsp;Momentum est l\u00e0 pour vous aider.<\/p>\n\n\n\n<p><strong>Soutien en direct offert par du personnel infirmier autoris\u00e9, disponible en plus de 250&nbsp;langues<br>Composez le 1-800-387-8479<\/strong><\/p>\n<\/div>\n<\/div>\n<\/div>\n\n\n\n<div class=\"wp-block-group is-layout-constrained wp-block-group-is-layout-constrained has-background\" style=\"border-top-left-radius:25px;border-top-right-radius:25px;border-bottom-left-radius:25px;border-bottom-right-radius:25px;padding-top:var(--wp--preset--spacing--4);padding-bottom:var(--wp--preset--spacing--4);background-image:url(&apos;https:\/\/www.mymomentum.ca\/wp-content\/uploads\/2025\/12\/home-spotlight-bg-2.svg&apos;);background-position:50% 50%;background-size:cover;\">\n<div class=\"wp-block-columns is-layout-flex wp-container-core-columns-is-layout-28f84493 wp-block-columns-is-layout-flex\">\n<div class=\"wp-block-column is-vertically-aligned-center is-layout-flow wp-block-column-is-layout-flow\" style=\"padding-top:0;padding-right:var(--wp--preset--spacing--4);padding-bottom:0;padding-left:var(--wp--preset--spacing--4);flex-basis:33.33%\">\n<h2 class=\"wp-block-heading has-text-align-left text-center text-md-start has-primary-color has-text-color has-link-color has-subhead-faq-font-size wp-elements-fb444b629566dd1d289da38f3fa37a6c\">Nous favorisons une approche inclusive afin d\u2019enrichir l\u2019exp\u00e9rience patient pour chacun<\/h2>\n<\/div>\n\n\n\n<div class=\"wp-block-column is-vertically-aligned-center is-layout-flow wp-block-column-is-layout-flow\" style=\"flex-basis:66.66%\">\n<p>Chez EMD&nbsp;Serono Canada, nous consid\u00e9rons l\u2019\u00e9quit\u00e9, la diversit\u00e9 et l\u2019inclusion comme des valeurs fondamentales qui orientent tout ce que nous faisons. Nous sommes d\u00e9termin\u00e9s \u00e0 faire en sorte que chaque personne se sente vue, entendue et valid\u00e9e. Nous travaillons de fa\u00e7on ouverte et collaborative avec nos communaut\u00e9s pour veiller \u00e0 ce que chaque personne ait acc\u00e8s \u00e0 des soins de sant\u00e9 inclusifs, valorisants et de grande qualit\u00e9.<\/p>\n<\/div>\n<\/div>\n<\/div>\n<\/div>\n","protected":false},"excerpt":{"rendered":"<p>Bienvenue au programme Momentum Nous sommes l\u00e0 pour vous aider avec votre m\u00e9dicament d\u2019EMD&nbsp;Serono Soutien en direct offert par du&#8230;<\/p>\n","protected":false},"author":1,"featured_media":0,"parent":0,"menu_order":0,"comment_status":"closed","ping_status":"closed","template":"page-fullwidth.php","meta":{"_acf_changed":false,"footnotes":""},"class_list":["post-1100","page","type-page","status-publish","hentry"],"acf":[],"_links":{"self":[{"href":"https:\/\/www.mymomentum.ca\/fr\/wp-json\/wp\/v2\/pages\/1100","targetHints":{"allow":["GET"]}}],"collection":[{"href":"https:\/\/www.mymomentum.ca\/fr\/wp-json\/wp\/v2\/pages"}],"about":[{"href":"https:\/\/www.mymomentum.ca\/fr\/wp-json\/wp\/v2\/types\/page"}],"author":[{"embeddable":true,"href":"https:\/\/www.mymomentum.ca\/fr\/wp-json\/wp\/v2\/users\/1"}],"replies":[{"embeddable":true,"href":"https:\/\/www.mymomentum.ca\/fr\/wp-json\/wp\/v2\/comments?post=1100"}],"version-history":[{"count":40,"href":"https:\/\/www.mymomentum.ca\/fr\/wp-json\/wp\/v2\/pages\/1100\/revisions"}],"predecessor-version":[{"id":5980,"href":"https:\/\/www.mymomentum.ca\/fr\/wp-json\/wp\/v2\/pages\/1100\/revisions\/5980"}],"wp:attachment":[{"href":"https:\/\/www.mymomentum.ca\/fr\/wp-json\/wp\/v2\/media?parent=1100"}],"curies":[{"name":"wp","href":"https:\/\/api.w.org\/{rel}","templated":true}]}}